{"id":816,"date":"2023-05-03T12:24:07","date_gmt":"2023-05-03T10:24:07","guid":{"rendered":"http:\/\/otmfqun.cluster030.hosting.ovh.net\/?page_id=816"},"modified":"2023-09-01T14:04:24","modified_gmt":"2023-09-01T12:04:24","slug":"produits-laitiers","status":"publish","type":"page","link":"https:\/\/www.hydrolock-sterilizers.com\/fr\/vos-applications\/produits-laitiers\/","title":{"rendered":"Produits laitiers"},"content":{"rendered":"<p>L&rsquo;eau de coco, le lait pour caf\u00e9, les smoothies, le lait \u00e9vapor\u00e9, le lait aromatis\u00e9 sont des exemples de produits pour lesquels le processus d&rsquo;autoclave Hydrolock \u00e0 haute capacit\u00e9 apporte.. :<\/p>\n<h3>&#8211; Qualit\u00e9<\/h3>\n<h3>&#8211; Homog\u00e9n\u00e9it\u00e9<\/h3>\n<h3>&#8211; Faible consommation d&rsquo;\u00e9nergie.<\/h3>\n<p>Les machines peuvent traiter diff\u00e9rents types, tailles, formes et mat\u00e9riaux tels que les bouteilles en verre, les bouteilles en PEHD, les bouteilles en PP, les bo\u00eetes de conserve en aluminium et\/ou en acier.<\/p>\n<p>La rotation axiale lente et constante \u00e9vite les prot\u00e9ines de br\u00fblage et permet un traitement thermique homog\u00e8ne de chaque produit.<\/p>\n<p><img loading=\"lazy\" decoding=\"async\" class=\"alignnone size-medium wp-image-1702 aligncenter\" src=\"https:\/\/www.hydrolock-sterilizers.com\/wp-content\/uploads\/2023\/07\/Capture-decran-2023-07-21-144336-300x211.png\" alt=\"\" width=\"300\" height=\"211\" srcset=\"https:\/\/www.hydrolock-sterilizers.com\/wp-content\/uploads\/2023\/07\/Capture-decran-2023-07-21-144336-300x211.png 300w, https:\/\/www.hydrolock-sterilizers.com\/wp-content\/uploads\/2023\/07\/Capture-decran-2023-07-21-144336.png 657w\" sizes=\"auto, (max-width: 300px) 100vw, 300px\" \/><\/p>\n","protected":false},"excerpt":{"rendered":"<p>L&rsquo;eau de coco, le lait pour caf\u00e9, les smoothies, le lait \u00e9vapor\u00e9,&#8230; <br \/><a class=\"readmore\" href=\"https:\/\/www.hydrolock-sterilizers.com\/fr\/vos-applications\/produits-laitiers\/\"><\/a><\/p>\n","protected":false},"author":1,"featured_media":225,"parent":13,"menu_order":0,"comment_status":"closed","ping_status":"closed","template":"modele_page_besoins.php","meta":{"footnotes":""},"class_list":["post-816","page","type-page","status-publish","has-post-thumbnail","hentry"],"_links":{"self":[{"href":"https:\/\/www.hydrolock-sterilizers.com\/fr\/wp-json\/wp\/v2\/pages\/816","targetHints":{"allow":["GET"]}}],"collection":[{"href":"https:\/\/www.hydrolock-sterilizers.com\/fr\/wp-json\/wp\/v2\/pages"}],"about":[{"href":"https:\/\/www.hydrolock-sterilizers.com\/fr\/wp-json\/wp\/v2\/types\/page"}],"author":[{"embeddable":true,"href":"https:\/\/www.hydrolock-sterilizers.com\/fr\/wp-json\/wp\/v2\/users\/1"}],"replies":[{"embeddable":true,"href":"https:\/\/www.hydrolock-sterilizers.com\/fr\/wp-json\/wp\/v2\/comments?post=816"}],"version-history":[{"count":3,"href":"https:\/\/www.hydrolock-sterilizers.com\/fr\/wp-json\/wp\/v2\/pages\/816\/revisions"}],"predecessor-version":[{"id":2384,"href":"https:\/\/www.hydrolock-sterilizers.com\/fr\/wp-json\/wp\/v2\/pages\/816\/revisions\/2384"}],"up":[{"embeddable":true,"href":"https:\/\/www.hydrolock-sterilizers.com\/fr\/wp-json\/wp\/v2\/pages\/13"}],"wp:featuredmedia":[{"embeddable":true,"href":"https:\/\/www.hydrolock-sterilizers.com\/fr\/wp-json\/wp\/v2\/media\/225"}],"wp:attachment":[{"href":"https:\/\/www.hydrolock-sterilizers.com\/fr\/wp-json\/wp\/v2\/media?parent=816"}],"curies":[{"name":"wp","href":"https:\/\/api.w.org\/{rel}","templated":true}]}}