{"id":33,"date":"2023-02-06T12:47:09","date_gmt":"2023-02-06T11:47:09","guid":{"rendered":"http:\/\/localhost\/WORDPRESS\/HYDROLOCK\/?page_id=33"},"modified":"2023-10-05T12:00:55","modified_gmt":"2023-10-05T10:00:55","slug":"bouteilles","status":"publish","type":"page","link":"https:\/\/www.hydrolock-sterilizers.com\/fr\/nos-solutions\/bouteilles\/","title":{"rendered":"Bouteilles"},"content":{"rendered":"<h1><img loading=\"lazy\" decoding=\"async\" class=\"alignnone wp-image-1650\" src=\"https:\/\/www.hydrolock-sterilizers.com\/wp-content\/uploads\/2023\/07\/5_bouteilles_plastique__057041800_1644_21052014-300x73.jpg\" alt=\"\" width=\"793\" height=\"193\" srcset=\"https:\/\/www.hydrolock-sterilizers.com\/wp-content\/uploads\/2023\/07\/5_bouteilles_plastique__057041800_1644_21052014-300x73.jpg 300w, https:\/\/www.hydrolock-sterilizers.com\/wp-content\/uploads\/2023\/07\/5_bouteilles_plastique__057041800_1644_21052014.jpg 860w\" sizes=\"auto, (max-width: 793px) 100vw, 793px\" \/><\/h1>\n<h1><img loading=\"lazy\" decoding=\"async\" class=\"alignnone wp-image-1654\" src=\"https:\/\/www.hydrolock-sterilizers.com\/wp-content\/uploads\/2023\/07\/6_bouteilles_verre__069250400_1644_21052014-300x73.jpg\" alt=\"\" width=\"801\" height=\"195\" srcset=\"https:\/\/www.hydrolock-sterilizers.com\/wp-content\/uploads\/2023\/07\/6_bouteilles_verre__069250400_1644_21052014-300x73.jpg 300w, https:\/\/www.hydrolock-sterilizers.com\/wp-content\/uploads\/2023\/07\/6_bouteilles_verre__069250400_1644_21052014.jpg 860w\" sizes=\"auto, (max-width: 801px) 100vw, 801px\" \/><\/h1>\n<h1>Pour Bouteilles en PP, HDPE et VERRE<br \/>\nS\u00e9ries ACB et ACBV<\/h1>\n<p>Les st\u00e9rilisateurs \u00e0 surpression utilisant la chaleur de l&rsquo;air et de la vapeur sont sp\u00e9cialement con\u00e7us pour tous les liquides st\u00e9rilis\u00e9s (soupes, produits laitiers, lait de soja, lait de coco, lait de riz, lait de caf\u00e9, boissons \u00e9nergisantes \u00e0 base de prot\u00e9ines).<\/p>\n<p>La rotation continue des produits permet d&rsquo;\u00e9viter toute prot\u00e9ine br\u00fbl\u00e9e, toute modification de la couleur et toute alt\u00e9ration du go\u00fbt.<\/p>\n<p>Le chauffage \u00e0 la vapeur et le refroidissement sous pression sont les deux principales \u00e9tapes de ce conditionnement.<\/p>\n<p>La st\u00e9rilisation Hydrolock peut faire partie d&rsquo;une st\u00e9rilisation HTST (High temperature Short time sterilization) en deux \u00e9tapes. Avec cette st\u00e9rilisation en deux \u00e9tapes, les r\u00e9sultats sont excellents en termes de couleur et de qualit\u00e9s organoleptiques.<\/p>\n<p><img loading=\"lazy\" decoding=\"async\" class=\"wp-image-1456 alignnone\" src=\"https:\/\/www.hydrolock-sterilizers.com\/wp-content\/uploads\/2023\/07\/IMG_20171007_115731-300x300.jpg\" alt=\"\" width=\"458\" height=\"458\" srcset=\"https:\/\/www.hydrolock-sterilizers.com\/wp-content\/uploads\/2023\/07\/IMG_20171007_115731-300x300.jpg 300w, https:\/\/www.hydrolock-sterilizers.com\/wp-content\/uploads\/2023\/07\/IMG_20171007_115731-1024x1024.jpg 1024w, https:\/\/www.hydrolock-sterilizers.com\/wp-content\/uploads\/2023\/07\/IMG_20171007_115731-150x150.jpg 150w\" sizes=\"auto, (max-width: 458px) 100vw, 458px\" \/><\/p>\n<p>&nbsp;<\/p>\n<p>Autoclave rotatif industriel continu pour produits laitiers en bouteilles<\/p>\n<p><iframe loading=\"lazy\" title=\"Hydrolock_process\" width=\"1333\" height=\"1000\" src=\"https:\/\/www.youtube.com\/embed\/WIOwCrWXmVA?feature=oembed\" frameborder=\"0\" allow=\"accelerometer; autoplay; clipboard-write; encrypted-media; gyroscope; picture-in-picture; web-share\" allowfullscreen><\/iframe><\/p>\n","protected":false},"excerpt":{"rendered":"<p>Pour Bouteilles en PP, HDPE et VERRE S\u00e9ries ACB et ACBV Les&#8230; <br \/><a class=\"readmore\" href=\"https:\/\/www.hydrolock-sterilizers.com\/fr\/nos-solutions\/bouteilles\/\"><\/a><\/p>\n","protected":false},"author":1,"featured_media":346,"parent":31,"menu_order":0,"comment_status":"closed","ping_status":"closed","template":"modele_page_solutions_emballages.php","meta":{"footnotes":""},"class_list":["post-33","page","type-page","status-publish","has-post-thumbnail","hentry"],"_links":{"self":[{"href":"https:\/\/www.hydrolock-sterilizers.com\/fr\/wp-json\/wp\/v2\/pages\/33","targetHints":{"allow":["GET"]}}],"collection":[{"href":"https:\/\/www.hydrolock-sterilizers.com\/fr\/wp-json\/wp\/v2\/pages"}],"about":[{"href":"https:\/\/www.hydrolock-sterilizers.com\/fr\/wp-json\/wp\/v2\/types\/page"}],"author":[{"embeddable":true,"href":"https:\/\/www.hydrolock-sterilizers.com\/fr\/wp-json\/wp\/v2\/users\/1"}],"replies":[{"embeddable":true,"href":"https:\/\/www.hydrolock-sterilizers.com\/fr\/wp-json\/wp\/v2\/comments?post=33"}],"version-history":[{"count":7,"href":"https:\/\/www.hydrolock-sterilizers.com\/fr\/wp-json\/wp\/v2\/pages\/33\/revisions"}],"predecessor-version":[{"id":2529,"href":"https:\/\/www.hydrolock-sterilizers.com\/fr\/wp-json\/wp\/v2\/pages\/33\/revisions\/2529"}],"up":[{"embeddable":true,"href":"https:\/\/www.hydrolock-sterilizers.com\/fr\/wp-json\/wp\/v2\/pages\/31"}],"wp:featuredmedia":[{"embeddable":true,"href":"https:\/\/www.hydrolock-sterilizers.com\/fr\/wp-json\/wp\/v2\/media\/346"}],"wp:attachment":[{"href":"https:\/\/www.hydrolock-sterilizers.com\/fr\/wp-json\/wp\/v2\/media?parent=33"}],"curies":[{"name":"wp","href":"https:\/\/api.w.org\/{rel}","templated":true}]}}