{"id":31,"date":"2023-02-06T12:46:38","date_gmt":"2023-02-06T11:46:38","guid":{"rendered":"http:\/\/localhost\/WORDPRESS\/HYDROLOCK\/?page_id=31"},"modified":"2023-08-30T15:35:25","modified_gmt":"2023-08-30T13:35:25","slug":"nos-solutions","status":"publish","type":"page","link":"https:\/\/www.hydrolock-sterilizers.com\/fr\/nos-solutions\/","title":{"rendered":"Nos Solutions"},"content":{"rendered":"<p>Nos st\u00e9rilisateurs rotatifs continus, qui sont les plus flexibles du march\u00e9, ont \u00e9t\u00e9 con\u00e7us pour traiter une grande vari\u00e9t\u00e9 de tailles, de formes et de mat\u00e9riaux d&#8217;emballage.<\/p>\n<p>Hydrolock a toujours con\u00e7u ses machines avec l&rsquo;objectif de<\/p>\n<h3>&#8211; Fiabilit\u00e9,<\/h3>\n<h3>&#8211; Durabilit\u00e9,<\/h3>\n<h3>&#8211; Faible impact sur l&rsquo;environnement.<\/h3>\n<p>Les consommations d&rsquo;\u00e9nergie ont \u00e9t\u00e9 r\u00e9duites ann\u00e9e apr\u00e8s ann\u00e9e gr\u00e2ce \u00e0 des dispositifs de r\u00e9cup\u00e9ration d&rsquo;\u00e9nergie, \u00e0 une meilleure conception et \u00e0 de meilleures isolations.<\/p>\n<p>Les st\u00e9rilisateurs Hydrolock sont \u00e9galement reconnus internationalement pour leur faible besoin en main d&rsquo;\u0153uvre et le faible co\u00fbt de st\u00e9rilisation par produit. Nous avons d\u00e9velopp\u00e9 une gamme de machines pour les moyennes et grandes \u00e9chelles de production.<\/p>\n<p>&nbsp;<\/p>\n","protected":false},"excerpt":{"rendered":"<p>Nos st\u00e9rilisateurs rotatifs continus, qui sont les plus flexibles du march\u00e9, ont&#8230; <br \/><a class=\"readmore\" href=\"https:\/\/www.hydrolock-sterilizers.com\/fr\/nos-solutions\/\"><\/a><\/p>\n","protected":false},"author":1,"featured_media":0,"parent":0,"menu_order":0,"comment_status":"closed","ping_status":"closed","template":"modele_page_solutions.php","meta":{"footnotes":""},"class_list":["post-31","page","type-page","status-publish","hentry"],"_links":{"self":[{"href":"https:\/\/www.hydrolock-sterilizers.com\/fr\/wp-json\/wp\/v2\/pages\/31","targetHints":{"allow":["GET"]}}],"collection":[{"href":"https:\/\/www.hydrolock-sterilizers.com\/fr\/wp-json\/wp\/v2\/pages"}],"about":[{"href":"https:\/\/www.hydrolock-sterilizers.com\/fr\/wp-json\/wp\/v2\/types\/page"}],"author":[{"embeddable":true,"href":"https:\/\/www.hydrolock-sterilizers.com\/fr\/wp-json\/wp\/v2\/users\/1"}],"replies":[{"embeddable":true,"href":"https:\/\/www.hydrolock-sterilizers.com\/fr\/wp-json\/wp\/v2\/comments?post=31"}],"version-history":[{"count":6,"href":"https:\/\/www.hydrolock-sterilizers.com\/fr\/wp-json\/wp\/v2\/pages\/31\/revisions"}],"predecessor-version":[{"id":2374,"href":"https:\/\/www.hydrolock-sterilizers.com\/fr\/wp-json\/wp\/v2\/pages\/31\/revisions\/2374"}],"wp:attachment":[{"href":"https:\/\/www.hydrolock-sterilizers.com\/fr\/wp-json\/wp\/v2\/media?parent=31"}],"curies":[{"name":"wp","href":"https:\/\/api.w.org\/{rel}","templated":true}]}}