{"id":25,"date":"2023-02-06T12:45:36","date_gmt":"2023-02-06T11:45:36","guid":{"rendered":"http:\/\/localhost\/WORDPRESS\/HYDROLOCK\/?page_id=25"},"modified":"2023-07-25T16:27:06","modified_gmt":"2023-07-25T14:27:06","slug":"plats-prepares","status":"publish","type":"page","link":"https:\/\/www.hydrolock-sterilizers.com\/fr\/vos-applications\/plats-prepares\/","title":{"rendered":"Plats pr\u00e9par\u00e9s"},"content":{"rendered":"<p>La viande, les saucisses avec des p\u00e2tes ou des l\u00e9gumes en sauce conviennent tr\u00e8s bien au st\u00e9rilisateur rotatif Hydrolock. Les plats pr\u00e9par\u00e9s comme les raviolis ou les haricots avec de la viande sont \u00e9galement tr\u00e8s bien produits dans ce type de machine.<\/p>\n<p>La rotation axiale continue et sans \u00e0-coups permet un traitement rapide et n&rsquo;endommage pas le produit. L&rsquo;agitation \u00e9vite de br\u00fbler le produit et garantit un transfert de chaleur rapide et homog\u00e8ne.<\/p>\n<p>Exemple de produits : soupes, haricots cuits, pommes de terre, f\u00e8ves, pois r\u00e9hydrat\u00e9s, l\u00e9gumineuses r\u00e9hydrat\u00e9es avec sauce, viande et saucisses dans des haricots, &#8230;<\/p>\n<p><img loading=\"lazy\" decoding=\"async\" class=\"alignnone size-medium wp-image-1747 aligncenter\" src=\"https:\/\/www.hydrolock-sterilizers.com\/wp-content\/uploads\/2023\/07\/Capture-decran-2023-07-24-105816-300x205.png\" alt=\"\" width=\"300\" height=\"205\" srcset=\"https:\/\/www.hydrolock-sterilizers.com\/wp-content\/uploads\/2023\/07\/Capture-decran-2023-07-24-105816-300x205.png 300w, https:\/\/www.hydrolock-sterilizers.com\/wp-content\/uploads\/2023\/07\/Capture-decran-2023-07-24-105816.png 477w\" sizes=\"auto, (max-width: 300px) 100vw, 300px\" \/><\/p>\n","protected":false},"excerpt":{"rendered":"<p>La viande, les saucisses avec des p\u00e2tes ou des l\u00e9gumes en sauce&#8230; <br \/><a class=\"readmore\" href=\"https:\/\/www.hydrolock-sterilizers.com\/fr\/vos-applications\/plats-prepares\/\"><\/a><\/p>\n","protected":false},"author":1,"featured_media":227,"parent":13,"menu_order":0,"comment_status":"closed","ping_status":"closed","template":"modele_page_besoins.php","meta":{"footnotes":""},"class_list":["post-25","page","type-page","status-publish","has-post-thumbnail","hentry"],"_links":{"self":[{"href":"https:\/\/www.hydrolock-sterilizers.com\/fr\/wp-json\/wp\/v2\/pages\/25","targetHints":{"allow":["GET"]}}],"collection":[{"href":"https:\/\/www.hydrolock-sterilizers.com\/fr\/wp-json\/wp\/v2\/pages"}],"about":[{"href":"https:\/\/www.hydrolock-sterilizers.com\/fr\/wp-json\/wp\/v2\/types\/page"}],"author":[{"embeddable":true,"href":"https:\/\/www.hydrolock-sterilizers.com\/fr\/wp-json\/wp\/v2\/users\/1"}],"replies":[{"embeddable":true,"href":"https:\/\/www.hydrolock-sterilizers.com\/fr\/wp-json\/wp\/v2\/comments?post=25"}],"version-history":[{"count":5,"href":"https:\/\/www.hydrolock-sterilizers.com\/fr\/wp-json\/wp\/v2\/pages\/25\/revisions"}],"predecessor-version":[{"id":2060,"href":"https:\/\/www.hydrolock-sterilizers.com\/fr\/wp-json\/wp\/v2\/pages\/25\/revisions\/2060"}],"up":[{"embeddable":true,"href":"https:\/\/www.hydrolock-sterilizers.com\/fr\/wp-json\/wp\/v2\/pages\/13"}],"wp:featuredmedia":[{"embeddable":true,"href":"https:\/\/www.hydrolock-sterilizers.com\/fr\/wp-json\/wp\/v2\/media\/227"}],"wp:attachment":[{"href":"https:\/\/www.hydrolock-sterilizers.com\/fr\/wp-json\/wp\/v2\/media?parent=25"}],"curies":[{"name":"wp","href":"https:\/\/api.w.org\/{rel}","templated":true}]}}