{"id":23,"date":"2023-02-06T12:45:22","date_gmt":"2023-02-06T11:45:22","guid":{"rendered":"http:\/\/localhost\/WORDPRESS\/HYDROLOCK\/?page_id=23"},"modified":"2023-09-13T11:43:01","modified_gmt":"2023-09-13T09:43:01","slug":"boissons","status":"publish","type":"page","link":"https:\/\/www.hydrolock-sterilizers.com\/fr\/vos-applications\/boissons\/","title":{"rendered":"Boissons"},"content":{"rendered":"<p>Le lait \u00e9vapor\u00e9, le lait aromatis\u00e9, la cr\u00e8me, le smoothie, l&rsquo;eau de coco en conserve, le lait de soja, le lait de riz et le lait de caf\u00e9 sont des exemples de produits pour lesquels le processus d&rsquo;autoclave \u00e0 haute capacit\u00e9 Hydrolock apporte qualit\u00e9, homog\u00e9n\u00e9it\u00e9 et r\u00e9duction de la consommation d&rsquo;\u00e9nergie.<\/p>\n<p>Les machines peuvent traiter diff\u00e9rents types, tailles, formes et mat\u00e9riaux tels que le verre, les bouteilles en PEHD, les bouteilles en PP ou les bo\u00eetes de conserve en aluminium et en acier.<\/p>\n<p>La rotation axiale lente et constante \u00e9vite les prot\u00e9ines de br\u00fblage et permet un traitement thermique homog\u00e8ne de chaque produit.<\/p>\n<p><img loading=\"lazy\" decoding=\"async\" class=\"size-full wp-image-1730 aligncenter\" src=\"https:\/\/www.hydrolock-sterilizers.com\/wp-content\/uploads\/2023\/07\/Capture-decran-2023-07-21-165458.png\" alt=\"\" width=\"184\" height=\"276\" \/><\/p>\n","protected":false},"excerpt":{"rendered":"<p>Le lait \u00e9vapor\u00e9, le lait aromatis\u00e9, la cr\u00e8me, le smoothie, l&rsquo;eau de&#8230; <br \/><a class=\"readmore\" href=\"https:\/\/www.hydrolock-sterilizers.com\/fr\/vos-applications\/boissons\/\"><\/a><\/p>\n","protected":false},"author":1,"featured_media":225,"parent":13,"menu_order":0,"comment_status":"closed","ping_status":"closed","template":"modele_page_besoins.php","meta":{"footnotes":""},"class_list":["post-23","page","type-page","status-publish","has-post-thumbnail","hentry"],"_links":{"self":[{"href":"https:\/\/www.hydrolock-sterilizers.com\/fr\/wp-json\/wp\/v2\/pages\/23","targetHints":{"allow":["GET"]}}],"collection":[{"href":"https:\/\/www.hydrolock-sterilizers.com\/fr\/wp-json\/wp\/v2\/pages"}],"about":[{"href":"https:\/\/www.hydrolock-sterilizers.com\/fr\/wp-json\/wp\/v2\/types\/page"}],"author":[{"embeddable":true,"href":"https:\/\/www.hydrolock-sterilizers.com\/fr\/wp-json\/wp\/v2\/users\/1"}],"replies":[{"embeddable":true,"href":"https:\/\/www.hydrolock-sterilizers.com\/fr\/wp-json\/wp\/v2\/comments?post=23"}],"version-history":[{"count":8,"href":"https:\/\/www.hydrolock-sterilizers.com\/fr\/wp-json\/wp\/v2\/pages\/23\/revisions"}],"predecessor-version":[{"id":2459,"href":"https:\/\/www.hydrolock-sterilizers.com\/fr\/wp-json\/wp\/v2\/pages\/23\/revisions\/2459"}],"up":[{"embeddable":true,"href":"https:\/\/www.hydrolock-sterilizers.com\/fr\/wp-json\/wp\/v2\/pages\/13"}],"wp:featuredmedia":[{"embeddable":true,"href":"https:\/\/www.hydrolock-sterilizers.com\/fr\/wp-json\/wp\/v2\/media\/225"}],"wp:attachment":[{"href":"https:\/\/www.hydrolock-sterilizers.com\/fr\/wp-json\/wp\/v2\/media?parent=23"}],"curies":[{"name":"wp","href":"https:\/\/api.w.org\/{rel}","templated":true}]}}