{"id":21,"date":"2023-02-06T12:45:06","date_gmt":"2023-02-06T11:45:06","guid":{"rendered":"http:\/\/localhost\/WORDPRESS\/HYDROLOCK\/?page_id=21"},"modified":"2023-07-25T16:18:44","modified_gmt":"2023-07-25T14:18:44","slug":"poisson-et-viande","status":"publish","type":"page","link":"https:\/\/www.hydrolock-sterilizers.com\/fr\/vos-applications\/poisson-et-viande\/","title":{"rendered":"Poissons et Viandes"},"content":{"rendered":"<p><span data-sheets-value=\"{&quot;1&quot;:2,&quot;2&quot;:&quot;Flat cans of fish or meat are also processed in Hydrolock retort, this allows a safe handling of cans with no damaged cans, and homogeneous process for all cans. We preconize static process for fragil products as fish. Meat with sauce is perfect with slow rotation.\\nThroughput up to 600 cans per minutes.\\n&quot;}\" data-sheets-userformat=\"{&quot;2&quot;:12673,&quot;3&quot;:{&quot;1&quot;:0,&quot;3&quot;:1},&quot;10&quot;:0,&quot;11&quot;:4,&quot;15&quot;:&quot;Roboto&quot;,&quot;16&quot;:9}\">Les bo\u00eetes plates de poisson ou de viande sont \u00e9galement trait\u00e9es dans un autoclave Hydrolock, ce qui permet de manipuler les bo\u00eetes en toute s\u00e9curit\u00e9, sans les endommager, et d&rsquo;obtenir un processus homog\u00e8ne pour toutes les bo\u00eetes.<\/span><\/p>\n<p><span data-sheets-value=\"{&quot;1&quot;:2,&quot;2&quot;:&quot;Flat cans of fish or meat are also processed in Hydrolock retort, this allows a safe handling of cans with no damaged cans, and homogeneous process for all cans. We preconize static process for fragil products as fish. Meat with sauce is perfect with slow rotation.\\nThroughput up to 600 cans per minutes.\\n&quot;}\" data-sheets-userformat=\"{&quot;2&quot;:12673,&quot;3&quot;:{&quot;1&quot;:0,&quot;3&quot;:1},&quot;10&quot;:0,&quot;11&quot;:4,&quot;15&quot;:&quot;Roboto&quot;,&quot;16&quot;:9}\"> Nous pr\u00e9conisons un processus statique pour les produits fragiles comme le poisson. La viande en sauce est parfaite avec une rotation lente.<br \/>\n<\/span><\/p>\n<p><span data-sheets-value=\"{&quot;1&quot;:2,&quot;2&quot;:&quot;Flat cans of fish or meat are also processed in Hydrolock retort, this allows a safe handling of cans with no damaged cans, and homogeneous process for all cans. We preconize static process for fragil products as fish. Meat with sauce is perfect with slow rotation.\\nThroughput up to 600 cans per minutes.\\n&quot;}\" data-sheets-userformat=\"{&quot;2&quot;:12673,&quot;3&quot;:{&quot;1&quot;:0,&quot;3&quot;:1},&quot;10&quot;:0,&quot;11&quot;:4,&quot;15&quot;:&quot;Roboto&quot;,&quot;16&quot;:9}\">Le d\u00e9bit peut atteindre 600 bo\u00eetes par minute.<\/span><\/p>\n<p><img loading=\"lazy\" decoding=\"async\" class=\"size-medium wp-image-1713 aligncenter\" src=\"https:\/\/www.hydrolock-sterilizers.com\/wp-content\/uploads\/2023\/07\/Capture-decran-2023-07-21-162950-300x208.png\" alt=\"\" width=\"300\" height=\"208\" srcset=\"https:\/\/www.hydrolock-sterilizers.com\/wp-content\/uploads\/2023\/07\/Capture-decran-2023-07-21-162950-300x208.png 300w, https:\/\/www.hydrolock-sterilizers.com\/wp-content\/uploads\/2023\/07\/Capture-decran-2023-07-21-162950.png 593w\" sizes=\"auto, (max-width: 300px) 100vw, 300px\" \/><\/p>\n<p><img loading=\"lazy\" decoding=\"async\" class=\"size-medium wp-image-1717 aligncenter\" src=\"https:\/\/www.hydrolock-sterilizers.com\/wp-content\/uploads\/2023\/07\/Capture-decran-2023-07-21-163106-300x190.png\" alt=\"\" width=\"300\" height=\"190\" srcset=\"https:\/\/www.hydrolock-sterilizers.com\/wp-content\/uploads\/2023\/07\/Capture-decran-2023-07-21-163106-300x190.png 300w, https:\/\/www.hydrolock-sterilizers.com\/wp-content\/uploads\/2023\/07\/Capture-decran-2023-07-21-163106.png 441w\" sizes=\"auto, (max-width: 300px) 100vw, 300px\" \/><\/p>\n","protected":false},"excerpt":{"rendered":"<p>Les bo\u00eetes plates de poisson ou de viande sont \u00e9galement trait\u00e9es dans&#8230; <br \/><a class=\"readmore\" href=\"https:\/\/www.hydrolock-sterilizers.com\/fr\/vos-applications\/poisson-et-viande\/\"><\/a><\/p>\n","protected":false},"author":1,"featured_media":224,"parent":13,"menu_order":0,"comment_status":"closed","ping_status":"closed","template":"modele_page_besoins.php","meta":{"footnotes":""},"class_list":["post-21","page","type-page","status-publish","has-post-thumbnail","hentry"],"_links":{"self":[{"href":"https:\/\/www.hydrolock-sterilizers.com\/fr\/wp-json\/wp\/v2\/pages\/21","targetHints":{"allow":["GET"]}}],"collection":[{"href":"https:\/\/www.hydrolock-sterilizers.com\/fr\/wp-json\/wp\/v2\/pages"}],"about":[{"href":"https:\/\/www.hydrolock-sterilizers.com\/fr\/wp-json\/wp\/v2\/types\/page"}],"author":[{"embeddable":true,"href":"https:\/\/www.hydrolock-sterilizers.com\/fr\/wp-json\/wp\/v2\/users\/1"}],"replies":[{"embeddable":true,"href":"https:\/\/www.hydrolock-sterilizers.com\/fr\/wp-json\/wp\/v2\/comments?post=21"}],"version-history":[{"count":6,"href":"https:\/\/www.hydrolock-sterilizers.com\/fr\/wp-json\/wp\/v2\/pages\/21\/revisions"}],"predecessor-version":[{"id":2050,"href":"https:\/\/www.hydrolock-sterilizers.com\/fr\/wp-json\/wp\/v2\/pages\/21\/revisions\/2050"}],"up":[{"embeddable":true,"href":"https:\/\/www.hydrolock-sterilizers.com\/fr\/wp-json\/wp\/v2\/pages\/13"}],"wp:featuredmedia":[{"embeddable":true,"href":"https:\/\/www.hydrolock-sterilizers.com\/fr\/wp-json\/wp\/v2\/media\/224"}],"wp:attachment":[{"href":"https:\/\/www.hydrolock-sterilizers.com\/fr\/wp-json\/wp\/v2\/media?parent=21"}],"curies":[{"name":"wp","href":"https:\/\/api.w.org\/{rel}","templated":true}]}}