{"id":19,"date":"2023-02-06T12:44:46","date_gmt":"2023-02-06T11:44:46","guid":{"rendered":"http:\/\/localhost\/WORDPRESS\/HYDROLOCK\/?page_id=19"},"modified":"2023-09-01T14:01:45","modified_gmt":"2023-09-01T12:01:45","slug":"conserves-de-legumes","status":"publish","type":"page","link":"https:\/\/www.hydrolock-sterilizers.com\/fr\/vos-applications\/conserves-de-legumes\/","title":{"rendered":"L\u00e9gumes"},"content":{"rendered":"<p>Nous avons une longue expertise dans les l\u00e9gumes en conserve tels que la st\u00e9rilisation du ma\u00efs, la st\u00e9rilisation des haricots, la st\u00e9rilisation des pois, la st\u00e9rilisation des haricots verts, la st\u00e9rilisation des pommes de terre, la st\u00e9rilisation des \u00e9pinards, la st\u00e9rilisation des carottes, la st\u00e9rilisation des champignons&#8230;<\/p>\n<p>Le st\u00e9rilisateur rotatif continu \u00e0 pression<\/p>\n<h3>&#8211; Pr\u00e9serve les couleurs,<\/h3>\n<h3>&#8211; Pr\u00e9serve les textures,<\/h3>\n<h3>&#8211; Pr\u00e9serve les qualit\u00e9s organoleptiques des l\u00e9gumes.<\/h3>\n<h3>&#8211; R\u00e9duit la consommation d&rsquo;\u00e9nergie.<\/h3>\n<p>Les autoclaves continus sont \u00e9galement utilis\u00e9s pour les l\u00e9gumes emball\u00e9s sous vide avec une quantit\u00e9 minimale de saumure. Ce proc\u00e9d\u00e9 permet la cuisson \u00e0 la vapeur, qui am\u00e9liore les qualit\u00e9s organoleptiques et r\u00e9duit la consommation d&rsquo;\u00e9nergie.<\/p>\n<p>L&rsquo;autoclave haute capacit\u00e9 est adapt\u00e9 \u00e0 des cadences de 150 \u00e0 1200 bo\u00eetes par minute, avec<strong> une large gamme de formats concern\u00e9s au sein d&rsquo;une m\u00eame machine.<\/strong><\/p>\n<p><img loading=\"lazy\" decoding=\"async\" class=\"size-medium wp-image-1707 aligncenter\" src=\"https:\/\/www.hydrolock-sterilizers.com\/wp-content\/uploads\/2023\/07\/Capture-decran-2023-07-21-162530-300x206.png\" alt=\"\" width=\"300\" height=\"206\" srcset=\"https:\/\/www.hydrolock-sterilizers.com\/wp-content\/uploads\/2023\/07\/Capture-decran-2023-07-21-162530-300x206.png 300w, https:\/\/www.hydrolock-sterilizers.com\/wp-content\/uploads\/2023\/07\/Capture-decran-2023-07-21-162530.png 518w\" sizes=\"auto, (max-width: 300px) 100vw, 300px\" \/><\/p>\n","protected":false},"excerpt":{"rendered":"<p>Nous avons une longue expertise dans les l\u00e9gumes en conserve tels que&#8230; <br \/><a class=\"readmore\" href=\"https:\/\/www.hydrolock-sterilizers.com\/fr\/vos-applications\/conserves-de-legumes\/\"><\/a><\/p>\n","protected":false},"author":1,"featured_media":228,"parent":13,"menu_order":0,"comment_status":"closed","ping_status":"closed","template":"modele_page_besoins.php","meta":{"footnotes":""},"class_list":["post-19","page","type-page","status-publish","has-post-thumbnail","hentry"],"_links":{"self":[{"href":"https:\/\/www.hydrolock-sterilizers.com\/fr\/wp-json\/wp\/v2\/pages\/19","targetHints":{"allow":["GET"]}}],"collection":[{"href":"https:\/\/www.hydrolock-sterilizers.com\/fr\/wp-json\/wp\/v2\/pages"}],"about":[{"href":"https:\/\/www.hydrolock-sterilizers.com\/fr\/wp-json\/wp\/v2\/types\/page"}],"author":[{"embeddable":true,"href":"https:\/\/www.hydrolock-sterilizers.com\/fr\/wp-json\/wp\/v2\/users\/1"}],"replies":[{"embeddable":true,"href":"https:\/\/www.hydrolock-sterilizers.com\/fr\/wp-json\/wp\/v2\/comments?post=19"}],"version-history":[{"count":8,"href":"https:\/\/www.hydrolock-sterilizers.com\/fr\/wp-json\/wp\/v2\/pages\/19\/revisions"}],"predecessor-version":[{"id":2379,"href":"https:\/\/www.hydrolock-sterilizers.com\/fr\/wp-json\/wp\/v2\/pages\/19\/revisions\/2379"}],"up":[{"embeddable":true,"href":"https:\/\/www.hydrolock-sterilizers.com\/fr\/wp-json\/wp\/v2\/pages\/13"}],"wp:featuredmedia":[{"embeddable":true,"href":"https:\/\/www.hydrolock-sterilizers.com\/fr\/wp-json\/wp\/v2\/media\/228"}],"wp:attachment":[{"href":"https:\/\/www.hydrolock-sterilizers.com\/fr\/wp-json\/wp\/v2\/media?parent=19"}],"curies":[{"name":"wp","href":"https:\/\/api.w.org\/{rel}","templated":true}]}}