{"id":808,"date":"2023-02-06T12:45:36","date_gmt":"2023-02-06T11:45:36","guid":{"rendered":"http:\/\/otmfqun.cluster030.hosting.ovh.net\/?page_id=808"},"modified":"2023-07-25T16:27:31","modified_gmt":"2023-07-25T14:27:31","slug":"pratos-preparados","status":"publish","type":"page","link":"https:\/\/www.hydrolock-sterilizers.com\/es\/tus-necesidades\/pratos-preparados\/","title":{"rendered":"Pratos preparados"},"content":{"rendered":"<p>La carne, las salchichas con fideos o las verduras en salsa encajan muy bien con el esterilizador rotativo Hydrolock. Las comidas preparadas como raviolis o jud\u00edas con carne tambi\u00e9n se producen muy bien en este tipo de m\u00e1quina.<\/p>\n<p>La suave rotaci\u00f3n axial continua proporciona un proceso r\u00e1pido y sin da\u00f1os en el producto. La agitaci\u00f3n evita que el producto se queme y garantiza una transferencia de calor r\u00e1pida y homog\u00e9nea.<\/p>\n<p>Ejemplo de productos: sopas, alubias cocidas, patatas, habas, guisantes rehidratados, legumbres rehidratadas con salsa, carne y salchichas en alubias, &#8230;<\/p>\n<p><img loading=\"lazy\" decoding=\"async\" class=\"alignnone size-medium wp-image-1747 aligncenter\" src=\"https:\/\/www.hydrolock-sterilizers.com\/wp-content\/uploads\/2023\/07\/Capture-decran-2023-07-24-105816-300x205.png\" alt=\"\" width=\"300\" height=\"205\" srcset=\"https:\/\/www.hydrolock-sterilizers.com\/wp-content\/uploads\/2023\/07\/Capture-decran-2023-07-24-105816-300x205.png 300w, https:\/\/www.hydrolock-sterilizers.com\/wp-content\/uploads\/2023\/07\/Capture-decran-2023-07-24-105816.png 477w\" sizes=\"auto, (max-width: 300px) 100vw, 300px\" \/><\/p>\n","protected":false},"excerpt":{"rendered":"<p>La carne, las salchichas con fideos o las verduras en salsa encajan&#8230; <br \/><a class=\"readmore\" href=\"https:\/\/www.hydrolock-sterilizers.com\/es\/tus-necesidades\/pratos-preparados\/\"><\/a><\/p>\n","protected":false},"author":1,"featured_media":595,"parent":791,"menu_order":0,"comment_status":"closed","ping_status":"closed","template":"modele_page_besoins.php","meta":{"footnotes":""},"class_list":["post-808","page","type-page","status-publish","has-post-thumbnail","hentry"],"_links":{"self":[{"href":"https:\/\/www.hydrolock-sterilizers.com\/es\/wp-json\/wp\/v2\/pages\/808","targetHints":{"allow":["GET"]}}],"collection":[{"href":"https:\/\/www.hydrolock-sterilizers.com\/es\/wp-json\/wp\/v2\/pages"}],"about":[{"href":"https:\/\/www.hydrolock-sterilizers.com\/es\/wp-json\/wp\/v2\/types\/page"}],"author":[{"embeddable":true,"href":"https:\/\/www.hydrolock-sterilizers.com\/es\/wp-json\/wp\/v2\/users\/1"}],"replies":[{"embeddable":true,"href":"https:\/\/www.hydrolock-sterilizers.com\/es\/wp-json\/wp\/v2\/comments?post=808"}],"version-history":[{"count":2,"href":"https:\/\/www.hydrolock-sterilizers.com\/es\/wp-json\/wp\/v2\/pages\/808\/revisions"}],"predecessor-version":[{"id":2061,"href":"https:\/\/www.hydrolock-sterilizers.com\/es\/wp-json\/wp\/v2\/pages\/808\/revisions\/2061"}],"up":[{"embeddable":true,"href":"https:\/\/www.hydrolock-sterilizers.com\/es\/wp-json\/wp\/v2\/pages\/791"}],"wp:featuredmedia":[{"embeddable":true,"href":"https:\/\/www.hydrolock-sterilizers.com\/es\/wp-json\/wp\/v2\/media\/595"}],"wp:attachment":[{"href":"https:\/\/www.hydrolock-sterilizers.com\/es\/wp-json\/wp\/v2\/media?parent=808"}],"curies":[{"name":"wp","href":"https:\/\/api.w.org\/{rel}","templated":true}]}}