{"id":786,"date":"2023-02-06T12:46:38","date_gmt":"2023-02-06T11:46:38","guid":{"rendered":"http:\/\/otmfqun.cluster030.hosting.ovh.net\/?page_id=786"},"modified":"2023-08-30T15:35:07","modified_gmt":"2023-08-30T13:35:07","slug":"nuestras-soluciones","status":"publish","type":"page","link":"https:\/\/www.hydrolock-sterilizers.com\/es\/nuestras-soluciones\/","title":{"rendered":"Nuestras Soluciones"},"content":{"rendered":"<p>Nuestros esterilizadores continuos rotativos, que son los M\u00c1S flexibles del mercado, han sido dise\u00f1ados para procesar una gran variedad de tama\u00f1os, formas y materiales de envasado.<\/p>\n<p>Hydrolock siempre ha dise\u00f1ado su maquinaria con el objetivo de<\/p>\n<h3>&#8211; Fiabilidad,<\/h3>\n<h3>&#8211; Durabilidad,<\/h3>\n<h3>&#8211; Bajo impacto medioambiental.<\/h3>\n<p>Los consumos de energ\u00eda se han reducido a\u00f1o tras a\u00f1o gracias a dispositivos de recuperaci\u00f3n de energ\u00eda, mejor dise\u00f1o, mejores aislamientos.<\/p>\n<p>Los esterilizadores Hydrolock tambi\u00e9n son conocidos internacionalmente por su baja necesidad de mano de obra y el bajo coste de esterilizaci\u00f3n por producto. Hemos desarrollado una cartera de m\u00e1quinas para escalas de producci\u00f3n medianas y grandes.<\/p>\n<p>En la actualidad se fabrican m\u00e1s de 150 esterilizadoras continuas rotativas Hydrolock en todo el mundo.<\/p>\n<p>&nbsp;<\/p>\n","protected":false},"excerpt":{"rendered":"<p>Nuestros esterilizadores continuos rotativos, que son los M\u00c1S flexibles del mercado, han&#8230; <br \/><a class=\"readmore\" href=\"https:\/\/www.hydrolock-sterilizers.com\/es\/nuestras-soluciones\/\"><\/a><\/p>\n","protected":false},"author":1,"featured_media":0,"parent":0,"menu_order":0,"comment_status":"closed","ping_status":"closed","template":"modele_page_solutions.php","meta":{"footnotes":""},"class_list":["post-786","page","type-page","status-publish","hentry"],"_links":{"self":[{"href":"https:\/\/www.hydrolock-sterilizers.com\/es\/wp-json\/wp\/v2\/pages\/786","targetHints":{"allow":["GET"]}}],"collection":[{"href":"https:\/\/www.hydrolock-sterilizers.com\/es\/wp-json\/wp\/v2\/pages"}],"about":[{"href":"https:\/\/www.hydrolock-sterilizers.com\/es\/wp-json\/wp\/v2\/types\/page"}],"author":[{"embeddable":true,"href":"https:\/\/www.hydrolock-sterilizers.com\/es\/wp-json\/wp\/v2\/users\/1"}],"replies":[{"embeddable":true,"href":"https:\/\/www.hydrolock-sterilizers.com\/es\/wp-json\/wp\/v2\/comments?post=786"}],"version-history":[{"count":4,"href":"https:\/\/www.hydrolock-sterilizers.com\/es\/wp-json\/wp\/v2\/pages\/786\/revisions"}],"predecessor-version":[{"id":2373,"href":"https:\/\/www.hydrolock-sterilizers.com\/es\/wp-json\/wp\/v2\/pages\/786\/revisions\/2373"}],"wp:attachment":[{"href":"https:\/\/www.hydrolock-sterilizers.com\/es\/wp-json\/wp\/v2\/media?parent=786"}],"curies":[{"name":"wp","href":"https:\/\/api.w.org\/{rel}","templated":true}]}}