{"id":780,"date":"2023-02-06T12:47:09","date_gmt":"2023-02-06T11:47:09","guid":{"rendered":"http:\/\/otmfqun.cluster030.hosting.ovh.net\/?page_id=780"},"modified":"2023-07-25T09:36:45","modified_gmt":"2023-07-25T07:36:45","slug":"botellas","status":"publish","type":"page","link":"https:\/\/www.hydrolock-sterilizers.com\/es\/nuestras-soluciones\/botellas\/","title":{"rendered":"Botellas"},"content":{"rendered":"<h1><img loading=\"lazy\" decoding=\"async\" class=\"alignnone wp-image-1650\" src=\"https:\/\/www.hydrolock-sterilizers.com\/wp-content\/uploads\/2023\/07\/5_bouteilles_plastique__057041800_1644_21052014-300x73.jpg\" alt=\"\" width=\"793\" height=\"193\" srcset=\"https:\/\/www.hydrolock-sterilizers.com\/wp-content\/uploads\/2023\/07\/5_bouteilles_plastique__057041800_1644_21052014-300x73.jpg 300w, https:\/\/www.hydrolock-sterilizers.com\/wp-content\/uploads\/2023\/07\/5_bouteilles_plastique__057041800_1644_21052014.jpg 860w\" sizes=\"auto, (max-width: 793px) 100vw, 793px\" \/><\/h1>\n<h1><img loading=\"lazy\" decoding=\"async\" class=\"alignnone wp-image-1654\" src=\"https:\/\/www.hydrolock-sterilizers.com\/wp-content\/uploads\/2023\/07\/6_bouteilles_verre__069250400_1644_21052014-300x73.jpg\" alt=\"\" width=\"801\" height=\"195\" srcset=\"https:\/\/www.hydrolock-sterilizers.com\/wp-content\/uploads\/2023\/07\/6_bouteilles_verre__069250400_1644_21052014-300x73.jpg 300w, https:\/\/www.hydrolock-sterilizers.com\/wp-content\/uploads\/2023\/07\/6_bouteilles_verre__069250400_1644_21052014.jpg 860w\" sizes=\"auto, (max-width: 801px) 100vw, 801px\" \/><\/h1>\n<h1>Para Botellas de PP, HDPE y VIDRIO<br \/>\nSeries ACB y ACBV<\/h1>\n<p>Esterilizadores de sobrepresi\u00f3n que utilizan medios de calor aire-vapor, est\u00e1n especialmente dise\u00f1ados para todos los l\u00edquidos esterilizados (sopas, productos l\u00e1cteos, leche de soja, leche de coco, leche de arroz, leche de caf\u00e9, bebidas energ\u00e9ticas a base de prote\u00ednas).<\/p>\n<p>La rotaci\u00f3n continua de los productos evita que se quemen las prote\u00ednas, se modifique el color y se altere el sabor.<\/p>\n<p>Los 2 pasos principales de este envasado son el calentamiento por aire a vapor y la refrigeraci\u00f3n presurizada.<\/p>\n<p>La esterilizaci\u00f3n Hydrolock puede formar parte de una esterilizaci\u00f3n de alta temperatura y corta duraci\u00f3n (HTST) de 2 etapas. Con esta esterilizaci\u00f3n de 2 etapas, los resultados son excelentes en t\u00e9rminos de color y cualidades organol\u00e9pticas.<\/p>\n<p><img loading=\"lazy\" decoding=\"async\" class=\"wp-image-1456 alignnone\" src=\"https:\/\/www.hydrolock-sterilizers.com\/wp-content\/uploads\/2023\/07\/IMG_20171007_115731-300x300.jpg\" alt=\"\" width=\"458\" height=\"458\" srcset=\"https:\/\/www.hydrolock-sterilizers.com\/wp-content\/uploads\/2023\/07\/IMG_20171007_115731-300x300.jpg 300w, https:\/\/www.hydrolock-sterilizers.com\/wp-content\/uploads\/2023\/07\/IMG_20171007_115731-1024x1024.jpg 1024w, https:\/\/www.hydrolock-sterilizers.com\/wp-content\/uploads\/2023\/07\/IMG_20171007_115731-150x150.jpg 150w\" sizes=\"auto, (max-width: 458px) 100vw, 458px\" \/><\/p>\n<p><img loading=\"lazy\" decoding=\"async\" class=\"wp-image-1452 alignnone\" src=\"https:\/\/www.hydrolock-sterilizers.com\/wp-content\/uploads\/2023\/07\/IMG_20150303_111051-1.jpg\" alt=\"\" width=\"322\" height=\"322\" \/><\/p>\n<p>Autoclave industrial rotativo continuo para productos l\u00e1cteos en botella<\/p>\n<p><iframe loading=\"lazy\" title=\"Hydrolock_process\" width=\"1333\" height=\"1000\" src=\"https:\/\/www.youtube.com\/embed\/WIOwCrWXmVA?feature=oembed\" frameborder=\"0\" allow=\"accelerometer; autoplay; clipboard-write; encrypted-media; gyroscope; picture-in-picture; web-share\" allowfullscreen><\/iframe><\/p>\n","protected":false},"excerpt":{"rendered":"<p>Para Botellas de PP, HDPE y VIDRIO Series ACB y ACBV Esterilizadores&#8230; <br \/><a class=\"readmore\" href=\"https:\/\/www.hydrolock-sterilizers.com\/es\/nuestras-soluciones\/botellas\/\"><\/a><\/p>\n","protected":false},"author":1,"featured_media":697,"parent":786,"menu_order":0,"comment_status":"closed","ping_status":"closed","template":"modele_page_solutions_emballages.php","meta":{"footnotes":""},"class_list":["post-780","page","type-page","status-publish","has-post-thumbnail","hentry"],"_links":{"self":[{"href":"https:\/\/www.hydrolock-sterilizers.com\/es\/wp-json\/wp\/v2\/pages\/780","targetHints":{"allow":["GET"]}}],"collection":[{"href":"https:\/\/www.hydrolock-sterilizers.com\/es\/wp-json\/wp\/v2\/pages"}],"about":[{"href":"https:\/\/www.hydrolock-sterilizers.com\/es\/wp-json\/wp\/v2\/types\/page"}],"author":[{"embeddable":true,"href":"https:\/\/www.hydrolock-sterilizers.com\/es\/wp-json\/wp\/v2\/users\/1"}],"replies":[{"embeddable":true,"href":"https:\/\/www.hydrolock-sterilizers.com\/es\/wp-json\/wp\/v2\/comments?post=780"}],"version-history":[{"count":2,"href":"https:\/\/www.hydrolock-sterilizers.com\/es\/wp-json\/wp\/v2\/pages\/780\/revisions"}],"predecessor-version":[{"id":1991,"href":"https:\/\/www.hydrolock-sterilizers.com\/es\/wp-json\/wp\/v2\/pages\/780\/revisions\/1991"}],"up":[{"embeddable":true,"href":"https:\/\/www.hydrolock-sterilizers.com\/es\/wp-json\/wp\/v2\/pages\/786"}],"wp:featuredmedia":[{"embeddable":true,"href":"https:\/\/www.hydrolock-sterilizers.com\/es\/wp-json\/wp\/v2\/media\/697"}],"wp:attachment":[{"href":"https:\/\/www.hydrolock-sterilizers.com\/es\/wp-json\/wp\/v2\/media?parent=780"}],"curies":[{"name":"wp","href":"https:\/\/api.w.org\/{rel}","templated":true}]}}