{"id":779,"date":"2023-02-06T12:47:54","date_gmt":"2023-02-06T11:47:54","guid":{"rendered":"http:\/\/otmfqun.cluster030.hosting.ovh.net\/?page_id=779"},"modified":"2023-10-04T09:56:27","modified_gmt":"2023-10-04T07:56:27","slug":"tarros","status":"publish","type":"page","link":"https:\/\/www.hydrolock-sterilizers.com\/es\/nuestras-soluciones\/tarros\/","title":{"rendered":"Tarros"},"content":{"rendered":"<p>Hydrolock, fabricante de esterilizadores continuos, es capaz de procesar una gran escala de envases, tanto en la industria alimentaria: proceso de conservaci\u00f3n de verduras en tarros, como en la industria de bebidas: envasado de botellas de vidrio para leche y bebidas con tapones corona o twist off.<\/p>\n<h3>Productos procesados en envases de vidrio<\/h3>\n<p>Tenemos una larga experiencia en la esterilizaci\u00f3n de envases de vidrio. Los envases de vidrio son un gran envase , especialmente cuando son retornables.<\/p>\n<p>Tenemos experiencia en este tipo de envases. La gesti\u00f3n del estr\u00e9s t\u00e9rmico y la rotura del vidrio son retos que conocemos y que podemos gestionar gracias a nuestra experiencia en este campo.<\/p>\n\n\t\t<style type=\"text\/css\">\n\t\t\t#gallery-1 {\n\t\t\t\tmargin: auto;\n\t\t\t}\n\t\t\t#gallery-1 .gallery-item {\n\t\t\t\tfloat: left;\n\t\t\t\tmargin-top: 10px;\n\t\t\t\ttext-align: center;\n\t\t\t\twidth: 50%;\n\t\t\t}\n\t\t\t#gallery-1 img {\n\t\t\t\tborder: 2px solid #cfcfcf;\n\t\t\t}\n\t\t\t#gallery-1 .gallery-caption {\n\t\t\t\tmargin-left: 0;\n\t\t\t}\n\t\t\t\/* see gallery_shortcode() in wp-includes\/media.php *\/\n\t\t<\/style>\n\t\t<div id='gallery-1' class='gallery galleryid-779 gallery-columns-2 gallery-size-full'><dl class='gallery-item'>\n\t\t\t<dt class='gallery-icon portrait'>\n\t\t\t\t<img loading=\"lazy\" decoding=\"async\" width=\"430\" height=\"600\" src=\"https:\/\/www.hydrolock-sterilizers.com\/wp-content\/uploads\/2023\/09\/ACBV.jpg\" class=\"attachment-full size-full\" alt=\"\" srcset=\"https:\/\/www.hydrolock-sterilizers.com\/wp-content\/uploads\/2023\/09\/ACBV.jpg 430w, https:\/\/www.hydrolock-sterilizers.com\/wp-content\/uploads\/2023\/09\/ACBV-215x300.jpg 215w\" sizes=\"auto, (max-width: 430px) 100vw, 430px\" \/>\n\t\t\t<\/dt><\/dl><dl class='gallery-item'>\n\t\t\t<dt class='gallery-icon portrait'>\n\t\t\t\t<img loading=\"lazy\" decoding=\"async\" width=\"430\" height=\"600\" src=\"https:\/\/www.hydrolock-sterilizers.com\/wp-content\/uploads\/2023\/09\/ACBV-Hydrolock.jpg\" class=\"attachment-full size-full\" alt=\"\" srcset=\"https:\/\/www.hydrolock-sterilizers.com\/wp-content\/uploads\/2023\/09\/ACBV-Hydrolock.jpg 430w, https:\/\/www.hydrolock-sterilizers.com\/wp-content\/uploads\/2023\/09\/ACBV-Hydrolock-215x300.jpg 215w\" sizes=\"auto, (max-width: 430px) 100vw, 430px\" \/>\n\t\t\t<\/dt><\/dl><br style=\"clear: both\" \/>\n\t\t<\/div>\n\n<p>&nbsp;<\/p>\n<p><iframe loading=\"lazy\" title=\"Hydrolock_process\" width=\"1333\" height=\"1000\" src=\"https:\/\/www.youtube.com\/embed\/WIOwCrWXmVA?feature=oembed\" frameborder=\"0\" allow=\"accelerometer; autoplay; clipboard-write; encrypted-media; gyroscope; picture-in-picture; web-share\" allowfullscreen><\/iframe><\/p>\n","protected":false},"excerpt":{"rendered":"<p>Hydrolock, fabricante de esterilizadores continuos, es capaz de procesar una gran escala&#8230; <br \/><a class=\"readmore\" href=\"https:\/\/www.hydrolock-sterilizers.com\/es\/nuestras-soluciones\/tarros\/\"><\/a><\/p>\n","protected":false},"author":1,"featured_media":706,"parent":786,"menu_order":0,"comment_status":"closed","ping_status":"closed","template":"modele_page_solutions_emballages.php","meta":{"footnotes":""},"class_list":["post-779","page","type-page","status-publish","has-post-thumbnail","hentry"],"_links":{"self":[{"href":"https:\/\/www.hydrolock-sterilizers.com\/es\/wp-json\/wp\/v2\/pages\/779","targetHints":{"allow":["GET"]}}],"collection":[{"href":"https:\/\/www.hydrolock-sterilizers.com\/es\/wp-json\/wp\/v2\/pages"}],"about":[{"href":"https:\/\/www.hydrolock-sterilizers.com\/es\/wp-json\/wp\/v2\/types\/page"}],"author":[{"embeddable":true,"href":"https:\/\/www.hydrolock-sterilizers.com\/es\/wp-json\/wp\/v2\/users\/1"}],"replies":[{"embeddable":true,"href":"https:\/\/www.hydrolock-sterilizers.com\/es\/wp-json\/wp\/v2\/comments?post=779"}],"version-history":[{"count":4,"href":"https:\/\/www.hydrolock-sterilizers.com\/es\/wp-json\/wp\/v2\/pages\/779\/revisions"}],"predecessor-version":[{"id":2520,"href":"https:\/\/www.hydrolock-sterilizers.com\/es\/wp-json\/wp\/v2\/pages\/779\/revisions\/2520"}],"up":[{"embeddable":true,"href":"https:\/\/www.hydrolock-sterilizers.com\/es\/wp-json\/wp\/v2\/pages\/786"}],"wp:featuredmedia":[{"embeddable":true,"href":"https:\/\/www.hydrolock-sterilizers.com\/es\/wp-json\/wp\/v2\/media\/706"}],"wp:attachment":[{"href":"https:\/\/www.hydrolock-sterilizers.com\/es\/wp-json\/wp\/v2\/media?parent=779"}],"curies":[{"name":"wp","href":"https:\/\/api.w.org\/{rel}","templated":true}]}}